{"id":13,"date":"2015-02-18T13:17:15","date_gmt":"2015-02-18T13:17:15","guid":{"rendered":"http:\/\/historiallinenyhdistys.fi\/?page_id=13"},"modified":"2023-02-10T11:00:41","modified_gmt":"2023-02-10T09:00:41","slug":"jaseneksi","status":"publish","type":"page","link":"https:\/\/historiallinenyhdistys.fi\/?page_id=13","title":{"rendered":"J\u00e4seneksi"},"content":{"rendered":"<p>Historialliseen Yhdistykseen voi liitty\u00e4 ottamalla yhteytt\u00e4 puheenjohtajaan (risto.marjomaa at helsinki.fi) tai sihteeriin ja maksamalla vuosittaisen j\u00e4senmaksun. Maksuohjeet saat liittymisen yhteydess\u00e4.<\/p>\n<p>Yhdistyksen hallitus hyv\u00e4ksyy kokouksissaan uudet, j\u00e4senmaksunsa suorittaneet j\u00e4senet, mink\u00e4 j\u00e4lkeen heid\u00e4t kirjataan j\u00e4senrekisteriin.<br \/>\nVuotuinen j\u00e4senmaksu on 13 euroa, kuitenkin opiskelijoilta ja ty\u00f6tt\u00f6milt\u00e4 8 euroa. Kannatusj\u00e4senmaksu on 35 euroa.<\/p>\n<p><a href=\"http:\/\/historiallinenyhdistys.fi\/wp-content\/uploads\/2018\/11\/Tietosuojaseloste_Historiallinen-Yhdistys.pdf\">Yhdistyksen j\u00e4senrekisterin tietosuojaselosteen voi lukea klikkaamalla t\u00e4st\u00e4.<\/a><\/p>\n<p>&nbsp;<\/p>\n<h3>Edut j\u00e4senille<\/h3>\n<p><strong>Kirja-arviointeja Ennen &amp; Nyt -verkkolehteen<\/strong><\/p>\n<ul>\n<li>Muistutamme j\u00e4seni\u00e4mme mahdollisuudesta kirjoittaa kirja-arviointeja Ennen &amp; Nyt -verkkolehteen.\u00a0 Verkkolehden toimitus vastaanottaa arvostelukappaleita muun muassa Atenan, Editan, Auroran ja SKS:n historiateemaisista julkaisuista. Jos teit\u00e4 kiinnostaa arvioida joku n\u00e4iden kustantamoiden uutuusteoksista verkkolehteen, kehotamme ottamaan yhteytt\u00e4 p\u00e4\u00e4toimittaja Olli Kleemolaan (<a class=\"moz-txt-link-abbreviated\" href=\"mailto:owklee@utu.fi\">owklee@utu.fi<\/a>). Toimitus tilaa ja vastaanottaa my\u00f6s erilaisia yksitt\u00e4iskappaleita muilta kustantamoilta, joita voi tiedustella p\u00e4\u00e4toimittajalta. Verkkolehden toimitus kannustaa my\u00f6s jatkamaan k\u00e4yt\u00e4nt\u00f6\u00e4, jonka mukaisesti kiinnostuneet voivat itse hankkia arvostelukappaleen erikoisjulkaisusta tai ulkomaisten kustantamojen uutuuksista.<\/li>\n<\/ul>\n<p><strong>J\u00e4senalennus SKS:n kirjoista<\/strong><\/p>\n<ul>\n<li>Historiallisen Yhdistyksen j\u00e4senetuihin kuuluu edelleen my\u00f6s 25% alennus SKS:n kirjoista joko Tiedekirjasta tai SKS:n kirjakaupasta ostettuna. Muista ilmoittaa j\u00e4senyydest\u00e4si. Muista my\u00f6s SKS:n verkkokirjakauppa.<\/li>\n<\/ul>\n<p>&nbsp;<\/p>\n","protected":false},"excerpt":{"rendered":"<p>Historialliseen Yhdistykseen voi liitty\u00e4 ottamalla yhteytt\u00e4 puheenjohtajaan (risto.marjomaa at helsinki.fi) tai sihteeriin ja maksamalla vuosittaisen j\u00e4senmaksun. Maksuohjeet saat liittymisen yhteydess\u00e4. Yhdistyksen hallitus hyv\u00e4ksyy kokouksissaan uudet, j\u00e4senmaksunsa suorittaneet j\u00e4senet, mink\u00e4 j\u00e4lkeen heid\u00e4t kirjataan j\u00e4senrekisteriin. Vuotuinen j\u00e4senmaksu on 13 euroa, kuitenkin opiskelijoilta ja ty\u00f6tt\u00f6milt\u00e4 8 euroa. Kannatusj\u00e4senmaksu on 35 euroa. Yhdistyksen j\u00e4senrekisterin &hellip; <a class=\"readmore\" href=\"https:\/\/historiallinenyhdistys.fi\/?page_id=13\">Jatka lukemista<\/a><\/p>\n","protected":false},"author":1,"featured_media":0,"parent":0,"menu_order":0,"comment_status":"open","ping_status":"open","template":"","meta":{"footnotes":""},"class_list":["post-13","page","type-page","status-publish","hentry"],"_links":{"self":[{"href":"https:\/\/historiallinenyhdistys.fi\/index.php?rest_route=\/wp\/v2\/pages\/13","targetHints":{"allow":["GET"]}}],"collection":[{"href":"https:\/\/historiallinenyhdistys.fi\/index.php?rest_route=\/wp\/v2\/pages"}],"about":[{"href":"https:\/\/historiallinenyhdistys.fi\/index.php?rest_route=\/wp\/v2\/types\/page"}],"author":[{"embeddable":true,"href":"https:\/\/historiallinenyhdistys.fi\/index.php?rest_route=\/wp\/v2\/users\/1"}],"replies":[{"embeddable":true,"href":"https:\/\/historiallinenyhdistys.fi\/index.php?rest_route=%2Fwp%2Fv2%2Fcomments&post=13"}],"version-history":[{"count":16,"href":"https:\/\/historiallinenyhdistys.fi\/index.php?rest_route=\/wp\/v2\/pages\/13\/revisions"}],"predecessor-version":[{"id":346,"href":"https:\/\/historiallinenyhdistys.fi\/index.php?rest_route=\/wp\/v2\/pages\/13\/revisions\/346"}],"wp:attachment":[{"href":"https:\/\/historiallinenyhdistys.fi\/index.php?rest_route=%2Fwp%2Fv2%2Fmedia&parent=13"}],"curies":[{"name":"wp","href":"https:\/\/api.w.org\/{rel}","templated":true}]}}