{"id":17,"date":"2015-02-18T13:19:54","date_gmt":"2015-02-18T13:19:54","guid":{"rendered":"http:\/\/historiallinenyhdistys.fi\/?page_id=17"},"modified":"2026-01-05T23:01:03","modified_gmt":"2026-01-05T21:01:03","slug":"gradupalkinto","status":"publish","type":"page","link":"https:\/\/historiallinenyhdistys.fi\/?page_id=17","title":{"rendered":"Gradupalkinto"},"content":{"rendered":"<p>Historiallinen yhdistys on vuodesta 2009 l\u00e4htien jakanut lukuvuosittain stipendin Suomen parhaalle historian alaan liittyv\u00e4n gradututkielman tekij\u00e4lle. Jokaista historiantutkimukseen liittyv\u00e4\u00e4 oppiainetta maan kaikista yliopistoista pyydet\u00e4\u00e4n nime\u00e4m\u00e4\u00e4n ehdokkaansa ja lopullisen p\u00e4\u00e4t\u00f6ksen ehdokkaiden kesken tekee yhdistyksen hallitus. Palkittavan ty\u00f6n edellytet\u00e4\u00e4n olevan arvosanaltaan joko laudatur tai eximia ja palkintona on sadan euron arvoinen kirjakaupan lahjakortti.<\/p>\n<p>Vuodesta 2017 palkinto on jaettu yhteisty\u00f6ss\u00e4 Historian Opiskelijain Liitto HOL ry:n (<a href=\"https:\/\/hol.fi\/\">www.hol.fi<\/a>) kanssa.<\/p>\n<p><strong>Palkittujen lista lukuvuosittain:<\/strong><\/p>\n<p><strong>2023\u20132024<\/strong><\/p>\n<p>FM Jaakko Santavuori: \u201dJumalan ja veren h\u00e4pe\u00e4: Sukurutsa 1600-luvun Suomessa moraalipsykologian n\u00e4k\u00f6kulmasta\u201d. Helsingin yliopisto.<\/p>\n<p><strong>2022\u20132023<\/strong><\/p>\n<p>VTM Nadine Mahous: &#8220;Seurakunta sekalaista. Ty\u00f6l\u00e4ist\u00e4 ja herraa vierekk\u00e4in \u2013 Suomalaiset panttilainaamot kaupunkilaisten selviytymisstrategiana vuosina 1910\u20131947.\u201d Helsingin yliopisto.<\/p>\n<p><strong>2021\u20132022<\/strong><\/p>\n<p>FM Venla R\u00e4s\u00e4nen: &#8220;Presidential war rhetoric in the State of Union Addresses 1946\u20132020.\u201d Jyv\u00e4skyl\u00e4n yliopisto.<\/p>\n<p><strong>2020\u20132021<\/strong><\/p>\n<p>FM Hilda Tolonen: \u201c(Toinen) nainen kansallisessa sotakertomuksessa: Lukion oppikirjojen esitys naisesta osana itsen\u00e4isen Suomen historiaa 1984\u20132018\u201d. Helsingin yliopisto.<\/p>\n<p><strong>2019\u20132020<\/strong><\/p>\n<p>FM Noora Viljamaa:\u00a0\u201cSotatoverit: Sotakoirat, sotilaat ja sodan kokemus talvi- ja jatkosodassa\u201d. Turun yliopisto.<\/p>\n<p><strong>2018\u20132019<\/strong><\/p>\n<p>FM\u00a0 Maria Syv\u00e4niemi: \u201cSotilainen sielunmaisema. Jaettu kokemus jatkosodasta ep\u00e4virallisissa valokuvissa\u201d. Turun yliopisto.<\/p>\n<p><strong>2017\u20132018<\/strong><\/p>\n<p>FM\u00a0Eeva Nikkil\u00e4:\u00a0\u201cMaatalousv\u00e4est\u00f6n el\u00e4insuhde. Maaseudun murros el\u00e4insuhteen muokkaajana 1800-luvun lopun Suomessa\u201d. Tampereen yliopisto.<\/p>\n<p><strong>2016\u20132017<\/strong><\/p>\n<p>FM Ilkka Hemmil\u00e4: &#8220;Valkohangilta valkokankaille. Talvisodan kulun ja osapuolten kuvaaminen suomalaisissa uutisfilmeiss\u00e4 1939\u20131940&#8221;. Turun yliopisto.<\/p>\n<p><strong>2015\u20132016<\/strong><br \/>\nFM Ville Suovaniemi. &#8220;500 vuotta sortoa vai keksityll\u00e4 identiteetill\u00e4 keinottelua? Nicaraguan etnisen politisoitumisen historiapolitiikkaa 2000-luvulla.&#8221; Helsingin yliopisto.<\/p>\n<p><strong>2014\u20132015<\/strong><br \/>\nFM Olli Joukio. &#8220;Sanelua vai vuorovaikutusta? Soteva, Karelia ja Porin Konepajan sotakorvaustuotanto 1944\u20131952.&#8221;<br \/>\nTurun yliopiston historian, kulttuurien ja taiteiden tutkimuksen laitos, Suomen historian oppiaine.<\/p>\n<p><strong>2013\u20132014<\/strong><br \/>\nTM Markku Kuorilehto. \u201dLithovius-pappissuvun palkkaus ja pappilat Limingan pit\u00e4j\u00e4ss\u00e4 1575\u20131730&#8243;<\/p>\n<p><strong>2012\u20132013<br \/>\n<\/strong>FM Henrik Lampikoski. &#8220;L\u00e4ntisen kirkon kaukainen mahdollisuus ja haaste \u2013 Yuan-dynastian Kiina l\u00e4hetyskentt\u00e4n\u00e4 1271\u20131370&#8221;.<strong><br \/>\n<\/strong><\/p>\n<p><strong>2011\u20132012<\/strong><br \/>\nVTM Antti Kaihovaara. <span lang=\"sv-SE\" xml:lang=\"sv-SE\"> &#8220;<\/span><span lang=\"sv-SE\" xml:lang=\"sv-SE\">Kotitalouksien sis\u00e4inen resurssienjako, ty\u00f6markkinat ja sukupuolittuneet investoinnit lasten inhimilliseen p\u00e4\u00e4omaan 1920-luvun Suomessa<\/span><span lang=\"sv-SE\" xml:lang=\"sv-SE\">&#8220;<\/span><br \/>\nHelsingin yliopiston valtiotieteellisen tiedekunnan, politiikan ja talouden tutkimuksen laitoksen, yhteiskuntahistorian osaston talous- ja sosiaalihistorian oppiaineesta.<\/p>\n<p lang=\"sv-SE\" xml:lang=\"sv-SE\"><strong>2010\u20132011<\/strong><br \/>\nFM Aki Aunala. &#8220;Valoa Karjalaan. Neuvostopropaganda Ven\u00e4j\u00e4n Karjalassa 1918-1922&#8221;<\/p>\n<p lang=\"sv-SE\" xml:lang=\"sv-SE\"><strong>2009\u20132010 <\/strong><br \/>\nFM Charlotte Vainio. \u201dDen medeltida svenska hustrun och lagen &#8211; en studie i f\u00f6rmyndarskap, begr\u00e4nsningar och m\u00f6jligheter 1350\u20131442\u201d Helsingin yliopiston humanistisen tiedekunnan filosofian, historian, kulttuurin ja taiteiden tutkimuksen laitoksen ruotsinkielisen historian oppiaineesta.<\/p>\n<p align=\"left\"><strong>2008\u20132009<\/strong><br \/>\nVTM Matti La Mela. &#8220;Suklaan suojassa, tilinteossa tekstiilitehtaalla: tutkimus Helsingin ja Lyonin ven\u00e4l\u00e4isist\u00e4 yhteis\u00f6ist\u00e4 1920-luvulla&#8221; Helsingin yliopiston valtiotieteellisen tiedekunnan politiikan ja talouden tutkimuksen laitoksen yhteiskuntahistorian osaston poliittisen historian oppiaineesta.<\/p>\n","protected":false},"excerpt":{"rendered":"<p>Historiallinen yhdistys on vuodesta 2009 l\u00e4htien jakanut lukuvuosittain stipendin Suomen parhaalle historian alaan liittyv\u00e4n gradututkielman tekij\u00e4lle. Jokaista historiantutkimukseen liittyv\u00e4\u00e4 oppiainetta maan kaikista yliopistoista pyydet\u00e4\u00e4n nime\u00e4m\u00e4\u00e4n ehdokkaansa ja lopullisen p\u00e4\u00e4t\u00f6ksen ehdokkaiden kesken tekee yhdistyksen hallitus. Palkittavan ty\u00f6n edellytet\u00e4\u00e4n olevan arvosanaltaan joko laudatur tai eximia ja palkintona on sadan euron arvoinen kirjakaupan &hellip; <a class=\"readmore\" href=\"https:\/\/historiallinenyhdistys.fi\/?page_id=17\">Jatka lukemista<\/a><\/p>\n","protected":false},"author":1,"featured_media":0,"parent":0,"menu_order":0,"comment_status":"open","ping_status":"open","template":"","meta":{"footnotes":""},"class_list":["post-17","page","type-page","status-publish","hentry"],"_links":{"self":[{"href":"https:\/\/historiallinenyhdistys.fi\/index.php?rest_route=\/wp\/v2\/pages\/17","targetHints":{"allow":["GET"]}}],"collection":[{"href":"https:\/\/historiallinenyhdistys.fi\/index.php?rest_route=\/wp\/v2\/pages"}],"about":[{"href":"https:\/\/historiallinenyhdistys.fi\/index.php?rest_route=\/wp\/v2\/types\/page"}],"author":[{"embeddable":true,"href":"https:\/\/historiallinenyhdistys.fi\/index.php?rest_route=\/wp\/v2\/users\/1"}],"replies":[{"embeddable":true,"href":"https:\/\/historiallinenyhdistys.fi\/index.php?rest_route=%2Fwp%2Fv2%2Fcomments&post=17"}],"version-history":[{"count":15,"href":"https:\/\/historiallinenyhdistys.fi\/index.php?rest_route=\/wp\/v2\/pages\/17\/revisions"}],"predecessor-version":[{"id":396,"href":"https:\/\/historiallinenyhdistys.fi\/index.php?rest_route=\/wp\/v2\/pages\/17\/revisions\/396"}],"wp:attachment":[{"href":"https:\/\/historiallinenyhdistys.fi\/index.php?rest_route=%2Fwp%2Fv2%2Fmedia&parent=17"}],"curies":[{"name":"wp","href":"https:\/\/api.w.org\/{rel}","templated":true}]}}