{"id":19,"date":"2015-02-18T13:21:07","date_gmt":"2015-02-18T13:21:07","guid":{"rendered":"http:\/\/historiallinenyhdistys.fi\/?page_id=19"},"modified":"2017-10-20T17:46:48","modified_gmt":"2017-10-20T15:46:48","slug":"julkaisut","status":"publish","type":"page","link":"https:\/\/historiallinenyhdistys.fi\/?page_id=19","title":{"rendered":"Julkaisut"},"content":{"rendered":"<p>Historiallisen Yhdistyksen julkaisusarjat<\/p>\n<p><em>Toistaiseksi vain Historiallisten Papereiden ensimm\u00e4inen osa on siirretty verkkoon nykyisille sivuille. Muihin on pyritty lis\u00e4\u00e4m\u00e4\u00e4n linkkej\u00e4 yhdistyksen vanhoille sivuille, mutta ty\u00f6 on kesken. Jos etsit jotain tietty\u00e4 artikkelia, ole yhteydess\u00e4 verkkosivuvastaava Mikko Virtaan (mikko.a.virta at gmail.com).<br \/>\n<\/em><\/p>\n<p>&nbsp;<\/p>\n<p><strong>Historiallisia Papereita<\/strong><br \/>\nISSN 1456\u20138055<\/p>\n<p>Historiallisia Papereita on Historiallisen Yhdistyksen julkaisema, yksinomaan internetiss\u00e4 ilmestyv\u00e4 historiankirjoituksen alaan kuuluva julkaisusarja, jonka tekstit pohjautuvat Yhdistyksen seminaareissa pidettyihin esitelmiin. Sarjassa julkaistavat kirjoitukset ovat &#8220;working papers&#8221; -tyyppisi\u00e4.<\/p>\n<p><em>Klikkaamalla teemaa p\u00e4\u00e4set lukemaan. Toistaiseksi vain ensimm\u00e4inen osa on uusilla sivuilla, muiden kohdalla linkki ohjaa vanhoille sivuille.<br \/>\n<\/em><\/p>\n<p><a href=\"http:\/\/historiallinenyhdistys.fi\/?p=117\">1. Pyh\u00e4t ja pahat keskiajalla<\/a><br \/>\n<a href=\"http:\/\/historiallinenyhdistys.fi\/muinaiset_sivut\/julk\/taudit99\/\">2. Taudit ja historia<\/a><br \/>\n<a href=\"http:\/\/historiallinenyhdistys.fi\/muinaiset_sivut\/julk\/tasa99\/\">3. Tasa-arvon nousu ja tuho<\/a><br \/>\n<a href=\"http:\/\/historiallinenyhdistys.fi\/muinaiset_sivut\/julk\/suv99\/\">4. Suvaitsevaisuus<\/a><br \/>\n<a href=\"http:\/\/historiallinenyhdistys.fi\/muinaiset_sivut\/julk\/tuhat99\/\">5. Maailma tuhat vuotta sitten<\/a><br \/>\n<a href=\"http:\/\/historiallinenyhdistys.fi\/muinaiset_sivut\/julk\/verkko00\/\">6. Valta, eliitit ja verkostot historiassa<\/a><br \/>\n<a href=\"http:\/\/historiallinenyhdistys.fi\/muinaiset_sivut\/julk\/reval00\/\">7. Keskiajan kulttuuripiireist\u00e4 uuden ajan valtakuntiin<\/a><br \/>\n<a href=\"http:\/\/historiallinenyhdistys.fi\/muinaiset_sivut\/julk\/renvall\/\">8. Pentti Renvallin perint\u00f6 ja 2000-luvun historiantutkimus<\/a><br \/>\n<a href=\"http:\/\/historiallinenyhdistys.fi\/muinaiset_sivut\/julk\/misc2000\/\">9. Esitelm\u00e4sikerm\u00e4 vuodelta 2000<\/a><br \/>\n<a href=\"http:\/\/historiallinenyhdistys.fi\/muinaiset_sivut\/julk\/mkultt01\/\">10. Maailmankulttuurit<\/a><br \/>\n<a href=\"http:\/\/historiallinenyhdistys.fi\/muinaiset_sivut\/julk\/kuolo01\/\">11. Kuolema antiikissa<\/a><br \/>\n<a href=\"http:\/\/historiallinenyhdistys.fi\/muinaiset_sivut\/julk\/traven01\/\">12. B. Traven&#8217;s Identity Revisited<\/a><br \/>\n<a href=\"http:\/\/historiallinenyhdistys.fi\/muinaiset_sivut\/julk\/utopia01\/\">13. Poliittiset utopiat maailmansotien v\u00e4lisen ajan Euroopassa<\/a><br \/>\n<a href=\"http:\/\/historiallinenyhdistys.fi\/muinaiset_sivut\/julk\/mask01\/\">14. Maskuliinisuuden historia<\/a><br \/>\n<a href=\"http:\/\/historiallinenyhdistys.fi\/muinaiset_sivut\/julk\/loppu01\/\">15. Lopun ajat kautta aikojen<\/a><br \/>\n<a href=\"http:\/\/historiallinenyhdistys.fi\/muinaiset_sivut\/julk\/semio02\/\">16. Historia ja semiotiikka<\/a><\/p>\n<p>&nbsp;<\/p>\n<p>Sarjojen vastaavana toimittajana toimii (vv. 2001\u20132003) Jouko Nurmiainen (s\u00e4hk\u00f6posti: jouko.nurmiainen at helsinki.fi). Sarjojen k\u00e4yt\u00e4nn\u00f6n toimitusty\u00f6ss\u00e4 avustaa my\u00f6s Historiallisen Yhdistyksen hallitus.<\/p>\n<p>Vuosina 1999 ja 2000 sarjojen vastaavana toimittajana toimi Holger Weiss (s\u00e4hk\u00f6posti: Holger.Weiss at helsinki.fi).<\/p>\n<p>Viitattaessa sarjoihin pyydet\u00e4\u00e4n huomaamaan seuraavat seikat:<br \/>\n&#8211; Sarjojen artikkelien copyright on kirjoittajilla ja Historiallisella Yhdistyksell\u00e4; sitaatteja, lainaamista ja kopioimista koskevaa lakia tulee noudattaa.<br \/>\n&#8211; Sarjoihin viitataan kuten painettuun aikakausjulkaisuun.<\/p>\n<p>* * *<\/p>\n<p><strong>Historiallisen Yhdistyksen julkaisuja -sarja<\/strong><\/p>\n<ol>\n<li>Suurmiehist\u00e4 julkkiksiin &#8211; keit\u00e4 he ovat, kuka heit\u00e4 tarvitsee, mihin heit\u00e4 k\u00e4ytet\u00e4\u00e4n? Toimittanut Pauli Manninen. Helsinki: Historiallinen Yhdistys, 1982. 62 sivua. ISSN 0359-8136, ISBN 951-99434-7-1.<\/li>\n<li>Patriotismi, historia ja sosiaalireformismi.<br \/>\nToimittanut Tuija Pulkkinen. Helsinki: Historiallinen Yhdistys, 1985. 107 sivua. ISSN 0359-8136, ISBN 951-99627-1-9.<\/li>\n<li>Hyveest\u00e4, tiedosta ja vallasta &#8211; aatehistoriallisia tutkielmia. Toimittanut Katariina Mustakallio. Helsinki: Historiallinen Yhdistys, 1987. 179 sivua. ISSN 0359-8136, ISBN 951-99806-9-5.<\/li>\n<li>Yhteiskuntahistorian vuosikirja.<br \/>\nToimittanut Panu Pulma. Helsinki: Historiallinen Yhdistys, 1988. 82 sivua. ISSN 0359-8136, ISBN 951-99926-4-2.<\/li>\n<li>Historia Nyt &#8211; n\u00e4kemyksi\u00e4 suomalaisesta historiantutkimuksesta. Historiallisen Yhdistyksen 100-vuotisjuhlajulkaisu. Toimittaneet Pekka Ahtiainen et al. Helsinki: WSOY, 1990. 374 sivua. ISSN 0359-8136, ISBN 951-0-16691-X.<\/li>\n<\/ol>\n<p><strong>Historiallisia Arvosteluja<\/strong><br \/>\nISSN 1457\u20131412<\/p>\n<p>(klikkaamalla p\u00e4\u00e4set lukemaan)<\/p>\n<ul>\n<li><a href=\"http:\/\/historiallinenyhdistys.fi\/muinaiset_sivut\/arviot2004\/\">arvostelut vuodelta 2004<\/a><\/li>\n<li><a href=\"http:\/\/historiallinenyhdistys.fi\/muinaiset_sivut\/arviot2003\/\">arvostelut vuodelta 2003<\/a><\/li>\n<li><a href=\"http:\/\/historiallinenyhdistys.fi\/muinaiset_sivut\/arviot2002\/\">arvostelut vuodelta 2002<\/a><\/li>\n<li><a href=\"http:\/\/historiallinenyhdistys.fi\/muinaiset_sivut\/arviot2001\/\">arvostelut vuodelta 2001<\/a><\/li>\n<li><a href=\"http:\/\/historiallinenyhdistys.fi\/muinaiset_sivut\/arviot2000\/\">arvostelut vuodelta 2000<\/a><\/li>\n<li><a href=\"http:\/\/historiallinenyhdistys.fi\/muinaiset_sivut\/arviot1999\/\">arvostelut vuodelta 1999<\/a><\/li>\n<\/ul>\n<p>Historiallisen Yhdistyksen kirja-arvostelusarja, jossa julkaistaan esittelyj\u00e4 ja arvioita suomalaisista, historioitsijapiirej\u00e4 kiinnostavista uusista julkaisuista.<\/p>\n<p>Sarjojen vastaavana toimittajana toimii (vv. 2001\u20132003) Jouko Nurmiainen ja toimittajana (vuodesta 2003) P\u00e4ivi Pihlaja. Toimitusty\u00f6ss\u00e4 avustaa my\u00f6s Historiallisen Yhdistyksen hallitus.<\/p>\n<p>Vuosina 1999 ja 2000 sarjojen vastaavana toimittajana toimi Holger Weiss ja vuonna 2001 sarjan toimittajana P\u00e4ivi R\u00e4is\u00e4nen.<\/p>\n<p>&nbsp;<\/p>\n<p><a href=\"http:\/\/www.ennenjanyt.net\/\"><strong>ENNEN JA NYT <\/strong><\/a><\/p>\n<p><em>Ennen ja nyt <\/em>\u2013<em> historian tietosanomat<\/em> on tieteellinen aikakauslehti, joka julkaisee referee-artikkeleita, tieteellisi\u00e4 artikkeleita ja katsauksia sek\u00e4 haastatteluja, arvosteluja ja keskustelupuheenvuoroja. Julkaisu pyrkii seuraamaan uusia, ajankohtaisia ja ajankohtaistuvia tutkimussuuntauksia historiassa ja sen l\u00e4hitieteiss\u00e4.<\/p>\n","protected":false},"excerpt":{"rendered":"<p>Historiallisen Yhdistyksen julkaisusarjat Toistaiseksi vain Historiallisten Papereiden ensimm\u00e4inen osa on siirretty verkkoon nykyisille sivuille. Muihin on pyritty lis\u00e4\u00e4m\u00e4\u00e4n linkkej\u00e4 yhdistyksen vanhoille sivuille, mutta ty\u00f6 on kesken. Jos etsit jotain tietty\u00e4 artikkelia, ole yhteydess\u00e4 verkkosivuvastaava Mikko Virtaan (mikko.a.virta at gmail.com). &nbsp; Historiallisia Papereita ISSN 1456\u20138055 Historiallisia Papereita on Historiallisen Yhdistyksen julkaisema, &hellip; <a class=\"readmore\" href=\"https:\/\/historiallinenyhdistys.fi\/?page_id=19\">Jatka lukemista<\/a><\/p>\n","protected":false},"author":1,"featured_media":0,"parent":0,"menu_order":0,"comment_status":"open","ping_status":"open","template":"","meta":{"footnotes":""},"class_list":["post-19","page","type-page","status-publish","hentry"],"_links":{"self":[{"href":"https:\/\/historiallinenyhdistys.fi\/index.php?rest_route=\/wp\/v2\/pages\/19","targetHints":{"allow":["GET"]}}],"collection":[{"href":"https:\/\/historiallinenyhdistys.fi\/index.php?rest_route=\/wp\/v2\/pages"}],"about":[{"href":"https:\/\/historiallinenyhdistys.fi\/index.php?rest_route=\/wp\/v2\/types\/page"}],"author":[{"embeddable":true,"href":"https:\/\/historiallinenyhdistys.fi\/index.php?rest_route=\/wp\/v2\/users\/1"}],"replies":[{"embeddable":true,"href":"https:\/\/historiallinenyhdistys.fi\/index.php?rest_route=%2Fwp%2Fv2%2Fcomments&post=19"}],"version-history":[{"count":12,"href":"https:\/\/historiallinenyhdistys.fi\/index.php?rest_route=\/wp\/v2\/pages\/19\/revisions"}],"predecessor-version":[{"id":203,"href":"https:\/\/historiallinenyhdistys.fi\/index.php?rest_route=\/wp\/v2\/pages\/19\/revisions\/203"}],"wp:attachment":[{"href":"https:\/\/historiallinenyhdistys.fi\/index.php?rest_route=%2Fwp%2Fv2%2Fmedia&parent=19"}],"curies":[{"name":"wp","href":"https:\/\/api.w.org\/{rel}","templated":true}]}}